{"id":2,"date":"2013-06-26T04:41:45","date_gmt":"2013-06-26T04:41:45","guid":{"rendered":"http:\/\/localhost\/tuelinh\/?page_id=2"},"modified":"2017-02-10T09:26:13","modified_gmt":"2017-02-10T09:26:13","slug":"tuyen-dung","status":"publish","type":"page","link":"https:\/\/quynhtramthao.com\/?page_id=2","title":{"rendered":"Tuy\u1ec3n D\u1ee5ng"},"content":{"rendered":"<p><\/p>\n<table border=\"0\" width=\"100%\" cellspacing=\"0\" cellpadding=\"0\">\n<tbody>\n<tr>\n<td><strong>V\u1ecb tr\u00ed tuy\u1ec3n d\u1ee5ng:<\/strong><\/td>\n<td>nh\u00e2n vi\u00ean kinh doanh<\/td>\n<\/tr>\n<tr>\n<td><strong>Ch\u1ee9c v\u1ee5:<\/strong><\/td>\n<td>T\u01b0 v\u1ea5n\/Tr\u1ee3 l\u00fd<\/td>\n<\/tr>\n<tr>\n<td><strong>Ng\u00e0nh ngh\u1ec1:<\/strong><\/td>\n<td>Nh\u00e2n vi\u00ean kinh doanh<\/td>\n<\/tr>\n<tr>\n<td><strong>H\u00ecnh th\u1ee9c l\u00e0m vi\u1ec7c:<\/strong><\/td>\n<td>To\u00e0n th\u1eddi gian c\u1ed1 \u0111\u1ecbnh<\/td>\n<\/tr>\n<tr>\n<td><strong>\u0110\u1ecba \u0111i\u1ec3m l\u00e0m vi\u1ec7c:<\/strong><\/td>\n<td>\u0111\u1ed3ng nai<\/td>\n<\/tr>\n<tr>\n<td><strong>M\u1ee9c l\u01b0\u01a1ng:<\/strong><\/td>\n<td>th\u1ecfa thu\u1eadn<\/td>\n<\/tr>\n<tr>\n<td><strong>M\u00f4 t\u1ea3 c\u00f4ng vi\u1ec7c:<\/strong><\/td>\n<td>M\u00d4 T\u1ea2 CV: T\u00ecm ki\u1ebfm kh\u00e1ch h\u00e0ng t\u01b0 v\u1ea5n, cung c\u1ea5p c\u00e1c gi\u1ea3i ph\u00e1p .<br \/>\nT\u01b0 v\u1ea5n, h\u1ed7 tr\u1ee3 ng\u01b0\u1eddi b\u00e1n l\u00e0m sao b\u00e1n \u0111\u01b0\u1ee3c h\u00e0ng, ti\u1ebfp kh\u00e1ch hi\u1ec7u qu\u1ea3<br \/>\n, ti\u1ebft ki\u1ec7m chi ph\u00ed th\u00f4ng qua th\u01b0\u01a1ng m\u1ea1i \u0111i\u1ec7n t\u1eed.<br \/>\nY\u00eau c\u1ea7u t\u1ed1i thi\u1ec3u v\u1ec1 c\u00f4ng vi\u1ec7c:<br \/>\nY\u00eau c\u1ea7u k\u1ef9 n\u0103ng:<br \/>\n1. Y\u00eau c\u1ea7u tr\u00ecnh \u0111\u1ed9<br \/>\nT\u1ed1t nghi\u1ec7p THPT tr\u1edf l\u00ean Qu\u1ea3n tr\u1ecb kinh doanh, marketting, t\u1ed1t nghi\u1ec7p ng\u00e0nh Th\u01b0\u01a1ng M\u1ea1i \u0110i\u1ec7n T\u1eed l\u00e0<br \/>\nm\u1ed9t l\u1ee3i th\u1ebf)<br \/>\n2. K\u1ef9 n\u0103ng v\u00e0 ph\u1ea9m ch\u1ea5t.<br \/>\n&#8211; S\u1eed d\u1ee5ng internet v\u00e0 m\u00e1y t\u00ednh th\u00e0nh th\u1ea1o (Hi\u1ec3u bi\u1ebft v\u1ec1 internet, c\u00f3 kinh nghi\u1ec7m<br \/>\nkinh doanh gian h\u00e0ng online l\u00e0 m\u1ed9t l\u1ee3i th\u1ebf )<br \/>\n&#8211; Kh\u1ea3 n\u0103ng giao ti\u1ebfp t\u1ed1t, nhanh nh\u1eb9n, gi\u1ecdng n\u00f3i d\u1ec5 nghe, c\u00f3 kh\u1ea3 n\u0103ng l\u00e0m vi\u1ec7c \u0111\u1ed9c l\u1eadp<br \/>\nv\u00e0 theo nh\u00f3m t\u1ed1t, si\u00eang n\u0103ng, ch\u1ecbu kh\u00f3, y\u00eau th\u00edch c\u00f4ng vi\u1ec7c.<br \/>\nY\u00eau c\u1ea7u ph\u1ea9m ch\u1ea5t: H\u00f2a \u0111\u1ed3ng, trung th\u1ef1c, t\u00edch c\u1ef1c, ch\u0103m ch\u1ec9, n\u0103ng \u0111\u1ed9ng,<br \/>\nham h\u1ecdc h\u1ecfi, tinh th\u1ea7n k\u1ef7 lu\u1eadt, tr\u00e1ch nhi\u1ec7m, t\u1ed1 ch\u1ea5t l\u00e3nh l\u00e0 1 l\u1ee3i th\u1ebf.<\/td>\n<\/tr>\n<tr>\n<td><strong>S\u1ed1 l\u01b0\u1ee3ng c\u1ea7n tuy\u1ec3n:<\/strong><\/td>\n<td>\u00a0Nh\u00e2n Vi\u00ean Kinh Doanh<\/td>\n<\/tr>\n<tr>\n<td><strong>Quy\u1ec1n l\u1ee3i \u0111\u01b0\u1ee3c h\u01b0\u1edfng:<\/strong><\/td>\n<td>Theo quy \u0111\u1ecbnh c\u1ee7a lu\u1eadt lao \u0111\u1ed9ng<br \/>\n\u0110i\u1ec1u ki\u1ec7n v\u00e0 m\u00f4i tr\u01b0\u1eddng l\u00e0m vi\u1ec7c:<br \/>\nB\u1ea1n \u0111\u01b0\u1ee3c l\u00e0m vi\u1ec7c trong m\u00f4i tr\u01b0\u1eddng chuy\u00ean nghi\u1ec7p, th\u00e2n thi\u1ec7n \u1ea5m \u00e1p,<br \/>\n\u0111\u1eb7c bi\u1ec7t l\u00e0 c\u01a1 h\u1ed9i th\u0103ng ti\u1ebfn lu\u00f4n ch\u1edd \u0111\u1ee3i b\u1ea1n.<br \/>\nB\u1ea1n \u0111\u01b0\u1ee3c \u0111\u00e0o t\u1ea1o v\u1ec1 ki\u1ebfn th\u1ee9c v\u00e0 hu\u1ea5n luy\u1ec7n chuy\u00ean m\u00f4n c\u00e1c ki\u1ebfn th\u1ee9c chuy\u00ean s\u00e2u<br \/>\nv\u1ec1 th\u01b0\u01a1ng m\u1ea1i \u0111i\u1ec7n t\u1eed, internet, k\u1ef9 n\u0103ng khi v\u00e0o l\u00e0m vi\u1ec7c t\u1ea1i c\u00f4ng ty v\u00e0<br \/>\n\u0111\u01b0\u1ee3c ban l\u00e3nh \u0111\u1ea1o c\u00f4ng ty h\u01b0\u1edbng d\u1eabn b\u1ea1n l\u00e0m vi\u1ec7c t\u1eadn t\u00ecnh chu \u0111\u00e1o.<br \/>\nB\u1ea1n \u0111\u01b0\u1ee3c c\u00f4ng ty h\u1ed7 tr\u1ee3 trang thi\u1ebft b\u1ecb, c\u1edf s\u1edf v\u1eadt ch\u1ea5t \u0111\u1ea7y \u0111\u1ee7 \u0111\u1ec3 b\u1ea1n l\u00e0m vi\u1ec7c<br \/>\nc\u00f3 hi\u1ec7u qu\u1ea3.<br \/>\n1. Ngo\u00e0i m\u1ee9c l\u01b0\u01a1ng c\u01a1 b\u1ea3n v\u00e0 c\u00e1c kho\u1ea3n ph\u1ee5 c\u1ea5p tr\u00ean n\u1ebfu b\u1ea1n vu\u1ee3t ch\u1ec9 ti\u00eau doanh s\u1ed1<br \/>\ns\u1ebd \u0111\u01b0\u1ee3c c\u1ed9ng th\u00eam v\u00e0o l\u01b0\u01a1ng m\u1ee9c v\u01b0\u1ee3t ch\u1ec9 ti\u00eau v\u00e0o l\u01b0\u01a1ng.C\u01a1 h\u1ed9i th\u0103ng ti\u1ebfn v\u00e0 c\u00f3 m\u1ee9c thu nh\u1eadp cao lu\u00f4n m\u1edf r\u1ed9ng cho nh\u1eefng b\u1ea1n mu\u1ed1n kh\u1eb3ng<br \/>\n\u0111\u1ecbnh m\u00ecnh trong c\u00f4ng vi\u1ec7c. C\u1ee5 th\u1ec3 h\u01a1n s\u1ebd trao \u0111\u1ed5i t\u1ea1i bu\u1ed5i ph\u1ecfng v\u1ea5n.2.2. Ch\u1ebf \u0111\u1ed9 ch\u00ednh s\u00e1ch kh\u00e1c:<br \/>\n&#8211; B\u1ea1n \u0111\u01b0\u1ee3c tham gia c\u00e1c lo\u1ea1i B\u1ea3o hi\u1ec3m l\u00e0m vi\u1ec7c tr\u00ean 3 th\u00e1ng theo quy \u0111\u1ecbnh c\u1ee7a nh\u00e0 n\u01b0\u1edbc<br \/>\nv\u1edbi m\u1ee9c cao v\u00e0 \u0111\u01b0\u1ee3c \u0111\u1ea3m b\u1ea3o b\u1edfi \u0111\u1ed9i ng\u1eef nh\u00e2n vi\u00ean c\u00f3 tr\u00e1ch nhi\u1ec7m.<br \/>\n&#8211; B\u1ea1n \u0111\u01b0\u1ee3c quan t\u00e2m chia s\u1ebb trong d\u1ecbp: sinh nh\u1eadt, c\u01b0\u1edbi h\u1ecfi, ma chay\u2026<br \/>\nb\u1eb1ng nh\u1eefng m\u00f3n qu\u00e0 thi\u1ebft th\u1ef1c. v\u1edbi kh\u1ea9u hi\u1ec7u \u201cgia \u0111\u00ecnh l\u00e0 tr\u00ean h\u1ebft \u201c\u0110\u1ebfn v\u1edbi \u0110\u1ea1t Tri\u1ec7u Ph\u01b0\u1edbc B\u1ea1n s\u1ebd th\u1ea5y nh\u1eefng th\u00e1ch th\u1ee9c<br \/>\nv\u00e0 c\u01a1 h\u1ed9i ph\u00e1t tri\u1ec3n b\u1ea3n th\u00e2n v\u00e0 ngh\u1ec1 nghi\u1ec7p.<\/td>\n<\/tr>\n<tr>\n<td><strong>S\u1ed1 n\u0103m kinh nghi\u1ec7m:<\/strong><\/td>\n<td>kh\u00f4ng y\u00eau c\u1ea7u<\/td>\n<\/tr>\n<tr>\n<td><strong>Y\u00eau c\u1ea7u b\u1eb1ng c\u1ea5p:<\/strong><\/td>\n<td>Trung c\u1ea5p &#8211; \u0110\u1ea1i H\u1ecdc<\/td>\n<\/tr>\n<tr>\n<td><strong>Y\u00eau c\u1ea7u gi\u1edbi t\u00ednh:<\/strong><\/td>\n<td>Nam\/N\u1eef<\/td>\n<\/tr>\n<tr>\n<td><strong>Y\u00eau c\u1ea7u \u0111\u1ed9 tu\u1ed5i:<\/strong><\/td>\n<td>20 &#8211; 40 tu\u1ed5i<\/td>\n<\/tr>\n<tr>\n<td><strong>Y\u00eau c\u1ea7u kh\u00e1c:<\/strong><\/td>\n<td>N\u0103ng \u0111\u1ed9ng, nhi\u1ec7t huy\u1ebft v\u1edbi c\u00f4ng vi\u1ec7c, giao ti\u1ebfp t\u1ed1t<\/td>\n<\/tr>\n<tr>\n<td><strong>H\u1ed3 s\u01a1 bao g\u1ed3m:<\/strong><\/td>\n<td>Cmt<br \/>\nB\u1eb1ng c\u1ea5p<br \/>\nS\u01a1 y\u1ebfu l\u00fd l\u1ecbch<\/td>\n<\/tr>\n<\/tbody>\n<\/table>\n<p><\/p>","protected":false},"excerpt":{"rendered":"<p>V\u1ecb tr\u00ed tuy\u1ec3n d\u1ee5ng: nh\u00e2n vi\u00ean kinh doanh Ch\u1ee9c v\u1ee5: T\u01b0 v\u1ea5n\/Tr\u1ee3 l\u00fd Ng\u00e0nh ngh\u1ec1: Nh\u00e2n vi\u00ean kinh doanh H\u00ecnh th\u1ee9c l\u00e0m vi\u1ec7c: To\u00e0n th\u1eddi gian c\u1ed1 \u0111\u1ecbnh \u0110\u1ecba \u0111i\u1ec3m l\u00e0m vi\u1ec7c: \u0111\u1ed3ng nai M\u1ee9c l\u01b0\u01a1ng: th\u1ecfa thu\u1eadn M\u00f4 t\u1ea3 c\u00f4ng vi\u1ec7c: M\u00d4 T\u1ea2 CV: T\u00ecm ki\u1ebfm kh\u00e1ch h\u00e0ng t\u01b0 v\u1ea5n, cung c\u1ea5p c\u00e1c gi\u1ea3i [&hellip;]<\/p>\n","protected":false},"author":1,"featured_media":0,"parent":0,"menu_order":0,"comment_status":"closed","ping_status":"closed","template":"","meta":[],"_links":{"self":[{"href":"https:\/\/quynhtramthao.com\/index.php?rest_route=\/wp\/v2\/pages\/2"}],"collection":[{"href":"https:\/\/quynhtramthao.com\/index.php?rest_route=\/wp\/v2\/pages"}],"about":[{"href":"https:\/\/quynhtramthao.com\/index.php?rest_route=\/wp\/v2\/types\/page"}],"author":[{"embeddable":true,"href":"https:\/\/quynhtramthao.com\/index.php?rest_route=\/wp\/v2\/users\/1"}],"replies":[{"embeddable":true,"href":"https:\/\/quynhtramthao.com\/index.php?rest_route=%2Fwp%2Fv2%2Fcomments&post=2"}],"version-history":[{"count":6,"href":"https:\/\/quynhtramthao.com\/index.php?rest_route=\/wp\/v2\/pages\/2\/revisions"}],"predecessor-version":[{"id":1034,"href":"https:\/\/quynhtramthao.com\/index.php?rest_route=\/wp\/v2\/pages\/2\/revisions\/1034"}],"wp:attachment":[{"href":"https:\/\/quynhtramthao.com\/index.php?rest_route=%2Fwp%2Fv2%2Fmedia&parent=2"}],"curies":[{"name":"wp","href":"https:\/\/api.w.org\/{rel}","templated":true}]}}