{"id":52,"date":"2013-07-01T04:39:33","date_gmt":"2013-07-01T04:39:33","guid":{"rendered":"http:\/\/localhost\/tuelinh\/?page_id=52"},"modified":"2017-02-10T09:29:56","modified_gmt":"2017-02-10T09:29:56","slug":"lien-he","status":"publish","type":"page","link":"https:\/\/quynhtramthao.com\/?page_id=52","title":{"rendered":"Li\u00ean h\u1ec7"},"content":{"rendered":"<p><\/p>\n<h2>C\u00d4NG TY TNHH\u00a0QU\u1ef2NH TR\u00c2M TH\u1ea2O<\/h2>\n<p>\u0110\u1ecba ch\u1ec9: 1\/58\/3 KP.11, P. T\u00e2n H\u00f2a, Bi\u00ean H\u00f2a, \u0110\u1ed3ng Nai<\/p>\n<p>\u0110i\u1ec7n tho\u1ea1i:Hotline: <b>0915558811<\/b><\/p>\n<p>Website: http:\/\/quynhtramthao.com\/ \u00a0 Email: phuc@quynhtramthao.com<br \/>\n<div class=\"wpcf7\" id=\"wpcf7-f51-p52-o1\"><form action=\"\/index.php?rest_route=%2Fwp%2Fv2%2Fpages%2F52#wpcf7-f51-p52-o1\" method=\"post\" class=\"wpcf7-form\" novalidate=\"novalidate\">\n<div style=\"display: none;\">\n<input type=\"hidden\" name=\"_wpcf7\" value=\"51\" \/>\n<input type=\"hidden\" name=\"_wpcf7_version\" value=\"3.4.2\" \/>\n<input type=\"hidden\" name=\"_wpcf7_unit_tag\" value=\"wpcf7-f51-p52-o1\" \/>\n<input type=\"hidden\" name=\"_wpnonce\" value=\"47334fe961\" \/>\n<\/div>\n<p>T\u00ean c\u1ee7a b\u1ea1n (*)<br \/>\n    <span class=\"wpcf7-form-control-wrap your-name\"><input type=\"text\" name=\"your-name\" value=\"\" size=\"40\" class=\"wpcf7-form-control wpcf7-text wpcf7-validates-as-required\" aria-required=\"true\" \/><\/span> <\/p>\n<p>Email (*)<br \/>\n    <span class=\"wpcf7-form-control-wrap your-email\"><input type=\"email\" name=\"your-email\" value=\"\" size=\"40\" class=\"wpcf7-form-control wpcf7-text wpcf7-email wpcf7-validates-as-required wpcf7-validates-as-email\" aria-required=\"true\" \/><\/span> <\/p>\n<p>Ti\u00eau \u0111\u1ec1<br \/>\n    <span class=\"wpcf7-form-control-wrap your-subject\"><input type=\"text\" name=\"your-subject\" value=\"\" size=\"40\" class=\"wpcf7-form-control wpcf7-text\" \/><\/span> <\/p>\n<p>N\u1ed9i dung<br \/>\n    <span class=\"wpcf7-form-control-wrap your-message\"><textarea name=\"your-message\" cols=\"40\" rows=\"10\" class=\"wpcf7-form-control wpcf7-textarea\"><\/textarea><\/span> <\/p>\n<p>M\u00e3 x\u00e1c nh\u1eadn<\/p>\n<p><input type=\"hidden\" name=\"_wpcf7_captcha_challenge_captcha-814\" value=\"1082245319\" \/><img class=\"wpcf7-form-control wpcf7-captchac wpcf7-captcha-captcha-814\" width=\"72\" height=\"24\" alt=\"captcha\" src=\"https:\/\/quynhtramthao.com\/wp-content\/uploads\/wpcf7_captcha\/1082245319.png\" \/> <span class=\"wpcf7-form-control-wrap captcha-814\"><input type=\"text\" name=\"captcha-814\" value=\"\" size=\"40\" class=\"wpcf7-form-control wpcf7-captchar\" \/><\/span><\/p>\n<p><input type=\"submit\" value=\"G\u1edfi\" class=\"wpcf7-form-control wpcf7-submit\" \/><\/p>\n<p style=\"display: none !important;\"><label>&#916;<textarea name=\"_wpcf7_ak_hp_textarea\" cols=\"45\" rows=\"8\" maxlength=\"100\"><\/textarea><\/label><input type=\"hidden\" id=\"ak_js_1\" name=\"_wpcf7_ak_js\" value=\"42\"\/><script>document.getElementById( \"ak_js_1\" ).setAttribute( \"value\", ( new Date() ).getTime() );<\/script><\/p><div class=\"wpcf7-response-output wpcf7-display-none\"><\/div><\/form><\/div><\/p>","protected":false},"excerpt":{"rendered":"<p>C\u00d4NG TY TNHH\u00a0QU\u1ef2NH TR\u00c2M TH\u1ea2O \u0110\u1ecba ch\u1ec9: 1\/58\/3 KP.11, P. T\u00e2n H\u00f2a, Bi\u00ean H\u00f2a, \u0110\u1ed3ng Nai \u0110i\u1ec7n tho\u1ea1i:Hotline: 0915558811 Website: http:\/\/quynhtramthao.com\/ \u00a0 Email: phuc@quynhtramthao.com<\/p>\n","protected":false},"author":1,"featured_media":0,"parent":0,"menu_order":0,"comment_status":"closed","ping_status":"closed","template":"","meta":[],"_links":{"self":[{"href":"https:\/\/quynhtramthao.com\/index.php?rest_route=\/wp\/v2\/pages\/52"}],"collection":[{"href":"https:\/\/quynhtramthao.com\/index.php?rest_route=\/wp\/v2\/pages"}],"about":[{"href":"https:\/\/quynhtramthao.com\/index.php?rest_route=\/wp\/v2\/types\/page"}],"author":[{"embeddable":true,"href":"https:\/\/quynhtramthao.com\/index.php?rest_route=\/wp\/v2\/users\/1"}],"replies":[{"embeddable":true,"href":"https:\/\/quynhtramthao.com\/index.php?rest_route=%2Fwp%2Fv2%2Fcomments&post=52"}],"version-history":[{"count":19,"href":"https:\/\/quynhtramthao.com\/index.php?rest_route=\/wp\/v2\/pages\/52\/revisions"}],"predecessor-version":[{"id":1035,"href":"https:\/\/quynhtramthao.com\/index.php?rest_route=\/wp\/v2\/pages\/52\/revisions\/1035"}],"wp:attachment":[{"href":"https:\/\/quynhtramthao.com\/index.php?rest_route=%2Fwp%2Fv2%2Fmedia&parent=52"}],"curies":[{"name":"wp","href":"https:\/\/api.w.org\/{rel}","templated":true}]}}