{"id":521,"date":"2014-02-20T07:39:56","date_gmt":"2014-02-20T07:39:56","guid":{"rendered":"http:\/\/lamtruongphat.com\/?page_id=521"},"modified":"2017-03-22T03:26:56","modified_gmt":"2017-03-22T03:26:56","slug":"doi-tac-khach-hang-2","status":"publish","type":"page","link":"https:\/\/quynhtramthao.com\/?page_id=521","title":{"rendered":"\u0110\u1ed1i t\u00e1c &#8211; Kh\u00e1ch H\u00e0ng"},"content":{"rendered":"<p>Kh\u00e1ch h\u00e0ng c\u1ee7a Qu\u1ef3nh Tr\u00e2m Th\u1ea3o\u00a0l\u00e0 c\u00e1c nh\u00e0 m\u00e1y, x\u00ed nghi\u1ec7p \u0111ang ho\u1ea1t \u0111\u1ed9ng t\u1ea1i c\u00e1c KCN, KCX v\u00e0 c\u00e1c c\u1ee5m c\u00f4ng tr\u00ecnh t\u1ea1i Vi\u1ec7t Nam. Ngo\u00e0i ra ch\u00fang t\u00f4i c\u00f2n cung c\u1ea5p su\u1ea5t \u0103n cho h\u1ec7 th\u1ed1ng b\u1ec7nh vi\u1ec7n, v\u00e0 c\u00e1c tr\u01b0\u1eddng h\u1ecdc trong v\u00e0 ngo\u00e0i t\u1ec9nh<\/p>\n<div id=\"attachment_1022\" style=\"width: 710px\" class=\"wp-caption alignleft\"><a href=\"http:\/\/suatan.net\/wp-content\/uploads\/2014\/02\/doitac.jpg\"><img aria-describedby=\"caption-attachment-1022\" decoding=\"async\" loading=\"lazy\" class=\"wp-image-1022 size-full\" src=\"http:\/\/quynhtramthao.com\/wp-content\/uploads\/2014\/02\/doitac.jpg\" alt=\"doitac\" width=\"700\" height=\"525\" srcset=\"https:\/\/quynhtramthao.com\/wp-content\/uploads\/2014\/02\/doitac.jpg 700w, https:\/\/quynhtramthao.com\/wp-content\/uploads\/2014\/02\/doitac-300x225.jpg 300w, https:\/\/quynhtramthao.com\/wp-content\/uploads\/2014\/02\/doitac-533x400.jpg 533w, https:\/\/quynhtramthao.com\/wp-content\/uploads\/2014\/02\/doitac-266x200.jpg 266w, https:\/\/quynhtramthao.com\/wp-content\/uploads\/2014\/02\/doitac-31x23.jpg 31w, https:\/\/quynhtramthao.com\/wp-content\/uploads\/2014\/02\/doitac-38x28.jpg 38w, https:\/\/quynhtramthao.com\/wp-content\/uploads\/2014\/02\/doitac-286x215.jpg 286w\" sizes=\"(max-width: 700px) 100vw, 700px\" \/><\/a><p id=\"caption-attachment-1022\" class=\"wp-caption-text\">doitac<\/p><\/div>\n<p>&nbsp;<\/p>\n<p>&nbsp;<\/p>\n<p>&nbsp;<\/p>\n<p>&nbsp;<\/p>\n<p>&nbsp;<\/p>\n<p>&nbsp;<\/p>\n<p>&nbsp;<\/p>\n<p>&nbsp;<\/p>\n<p>&nbsp;<\/p>\n<p>&nbsp;<\/p>\n<p>&nbsp;<\/p>\n<p>&nbsp;<\/p>\n<p>&nbsp;<\/p>\n<p>&nbsp;<\/p>\n<p>&nbsp;<\/p>\n<p>&nbsp;<\/p>\n<p>&nbsp;<\/p>\n<p>&nbsp;<\/p>\n<p>&nbsp;<\/p>\n<p>M\u1ecdi chi ti\u1ebft th\u1eafc m\u1eafc c\u1ea7n \u0111\u01b0\u1ee3c t\u01b0 v\u1ea5n, qu\u00fd kh\u00e1ch h\u00e0ng h\u00e3y li\u00ean h\u1ec7 theo \u0111\u1ecba ch\u1ec9:<\/p>\n<p><strong><span style=\"color: red;\">C\u00d4NG TY TNHH QU\u1ef2NH TR\u00c2M TH\u1ea2O<\/span><\/strong><strong><span style=\"color: red;\">\u00a0<\/span><\/strong><\/p>\n<p>\u0110\u1ecba ch\u1ec9: 1\/58\/3 KP.11, P. T\u00e2n H\u00f2a, Bi\u00ean H\u00f2a, \u0110\u1ed3ng Nai<br \/>\nHotline: <b>0915558811<\/b><br \/>\nWebsite: http:\/\/quynhtramthao.com\/<br \/>\nEmail:\u00a0phuc@quynhtramthao.com<\/p>","protected":false},"excerpt":{"rendered":"<p>Kh\u00e1ch h\u00e0ng c\u1ee7a Qu\u1ef3nh Tr\u00e2m Th\u1ea3o\u00a0l\u00e0 c\u00e1c nh\u00e0 m\u00e1y, x\u00ed nghi\u1ec7p \u0111ang ho\u1ea1t \u0111\u1ed9ng t\u1ea1i c\u00e1c KCN, KCX v\u00e0 c\u00e1c c\u1ee5m c\u00f4ng tr\u00ecnh t\u1ea1i Vi\u1ec7t Nam. Ngo\u00e0i ra ch\u00fang t\u00f4i c\u00f2n cung c\u1ea5p su\u1ea5t \u0103n cho h\u1ec7 th\u1ed1ng b\u1ec7nh vi\u1ec7n, v\u00e0 c\u00e1c tr\u01b0\u1eddng h\u1ecdc trong v\u00e0 ngo\u00e0i t\u1ec9nh &nbsp; &nbsp; &nbsp; &nbsp; &nbsp; &nbsp; &nbsp; [&hellip;]<\/p>\n","protected":false},"author":1,"featured_media":0,"parent":0,"menu_order":0,"comment_status":"closed","ping_status":"closed","template":"","meta":[],"_links":{"self":[{"href":"https:\/\/quynhtramthao.com\/index.php?rest_route=\/wp\/v2\/pages\/521"}],"collection":[{"href":"https:\/\/quynhtramthao.com\/index.php?rest_route=\/wp\/v2\/pages"}],"about":[{"href":"https:\/\/quynhtramthao.com\/index.php?rest_route=\/wp\/v2\/types\/page"}],"author":[{"embeddable":true,"href":"https:\/\/quynhtramthao.com\/index.php?rest_route=\/wp\/v2\/users\/1"}],"replies":[{"embeddable":true,"href":"https:\/\/quynhtramthao.com\/index.php?rest_route=%2Fwp%2Fv2%2Fcomments&post=521"}],"version-history":[{"count":10,"href":"https:\/\/quynhtramthao.com\/index.php?rest_route=\/wp\/v2\/pages\/521\/revisions"}],"predecessor-version":[{"id":1041,"href":"https:\/\/quynhtramthao.com\/index.php?rest_route=\/wp\/v2\/pages\/521\/revisions\/1041"}],"wp:attachment":[{"href":"https:\/\/quynhtramthao.com\/index.php?rest_route=%2Fwp%2Fv2%2Fmedia&parent=521"}],"curies":[{"name":"wp","href":"https:\/\/api.w.org\/{rel}","templated":true}]}}